{"id":1520,"date":"2021-12-05T09:22:09","date_gmt":"2021-12-05T09:22:09","guid":{"rendered":"https:\/\/ninetheme.com\/themes\/styler\/fashion\/?post_type=product&#038;p=1520"},"modified":"2025-04-25T22:09:39","modified_gmt":"2025-04-26T04:09:39","slug":"the-track-oversized-crew","status":"publish","type":"product","link":"https:\/\/ventasharmony.com\/?product=the-track-oversized-crew","title":{"rendered":"Reloj Smart Deportivo"},"content":{"rendered":"<p><span class=\"OYPEnA font-feature-liga-off font-feature-clig-off font-feature-calt-off text-decoration-none text-strikethrough-none\">Reloj Inteligente Deportivo pantalla t\u00e1ctil, seguimiento de acondicionamiento f\u00edsico con llamadas inal\u00e1mbricas, alertas de mensajes, multifuncional para contestar o discar y reproducci\u00f3n de M\u00fasica. Cuerpo de Aleaci\u00f3n no impermeable, Pulsera de TPU, Carga USB, Compatible con Android. Colores en gris, rosado y negro.<\/span><\/p>\n","protected":false},"excerpt":{"rendered":"<p><span class=\"OYPEnA font-feature-liga-off font-feature-clig-off font-feature-calt-off text-decoration-none text-strikethrough-none\">Reloj Inteligente Deportivo pantalla t\u00e1ctil, seguimiento de acondicionamiento f\u00edsico con llamadas inal\u00e1mbricas, alertas de mensajes, multifuncional para contestar o discar y reproducci\u00f3n de M\u00fasica. Cuerpo de Aleaci\u00f3n no impermeable, Pulsera de TPU, Carga USB, Compatible con Android. Colores en gris, rosado y negro.<\/span><\/p>\n","protected":false},"featured_media":6109,"template":"","meta":[],"product_brand":[],"product_cat":[30,39,40,42,43],"product_tag":[20,45],"class_list":{"0":"post-1520","1":"product","2":"type-product","3":"status-publish","4":"has-post-thumbnail","6":"product_cat-men","7":"product_cat-shorts-skirts","8":"product_cat-sweaters","9":"product_cat-swimwear","10":"product_cat-t-shirts-women","11":"product_tag-bestseller","12":"product_tag-trend","13":"styler_product_brands-adidas","14":"styler_product_brands-loft","15":"styler_product_brands-nike","16":"nt-post-class","17":"","23":"first","24":"instock","25":"featured","26":"purchasable","27":"product-type-simple"},"_links":{"self":[{"href":"https:\/\/ventasharmony.com\/index.php?rest_route=\/wp\/v2\/product\/1520","targetHints":{"allow":["GET"]}}],"collection":[{"href":"https:\/\/ventasharmony.com\/index.php?rest_route=\/wp\/v2\/product"}],"about":[{"href":"https:\/\/ventasharmony.com\/index.php?rest_route=\/wp\/v2\/types\/product"}],"version-history":[{"count":2,"href":"https:\/\/ventasharmony.com\/index.php?rest_route=\/wp\/v2\/product\/1520\/revisions"}],"predecessor-version":[{"id":6111,"href":"https:\/\/ventasharmony.com\/index.php?rest_route=\/wp\/v2\/product\/1520\/revisions\/6111"}],"wp:featuredmedia":[{"embeddable":true,"href":"https:\/\/ventasharmony.com\/index.php?rest_route=\/wp\/v2\/media\/6109"}],"wp:attachment":[{"href":"https:\/\/ventasharmony.com\/index.php?rest_route=%2Fwp%2Fv2%2Fmedia&parent=1520"}],"wp:term":[{"taxonomy":"product_brand","embeddable":true,"href":"https:\/\/ventasharmony.com\/index.php?rest_route=%2Fwp%2Fv2%2Fproduct_brand&post=1520"},{"taxonomy":"product_cat","embeddable":true,"href":"https:\/\/ventasharmony.com\/index.php?rest_route=%2Fwp%2Fv2%2Fproduct_cat&post=1520"},{"taxonomy":"product_tag","embeddable":true,"href":"https:\/\/ventasharmony.com\/index.php?rest_route=%2Fwp%2Fv2%2Fproduct_tag&post=1520"}],"curies":[{"name":"wp","href":"https:\/\/api.w.org\/{rel}","templated":true}]}}