{"id":1525,"date":"2021-12-05T09:37:53","date_gmt":"2021-12-05T09:37:53","guid":{"rendered":"https:\/\/ninetheme.com\/themes\/styler\/fashion\/?post_type=product&#038;p=1525"},"modified":"2025-04-25T22:04:07","modified_gmt":"2025-04-26T04:04:07","slug":"lightweight-french-jogger","status":"publish","type":"product","link":"https:\/\/ventasharmony.com\/?product=lightweight-french-jogger","title":{"rendered":"Tablet Android"},"content":{"rendered":"<p><span class=\"OYPEnA font-feature-liga-off font-feature-clig-off font-feature-calt-off text-decoration-none text-strikethrough-none\">Tablet ATMPC de 7 Pulgadas con Android 11, C\u00e1mara Doble, Wi-Fi, Almacenamiento de 32 GB, RAM de 2 GB, Carga Tipo-C, Pantalla IPS, Procesador Cu\u00e1druple N\u00facleo, Funciones de PC y Tableta, Dise\u00f1o Compacto para Uso Port\u00e1til<\/span><\/p>\n","protected":false},"excerpt":{"rendered":"<p><span class=\"OYPEnA font-feature-liga-off font-feature-clig-off font-feature-calt-off text-decoration-none text-strikethrough-none\">Tablet ATMPC de 7 Pulgadas con Android 11, C\u00e1mara Doble, Wi-Fi, Almacenamiento de 32 GB, RAM de 2 GB, Carga Tipo-C, Pantalla IPS, Procesador Cu\u00e1druple N\u00facleo, Funciones de PC y Tableta, Dise\u00f1o Compacto para Uso Port\u00e1til<\/span><\/p>\n","protected":false},"featured_media":6107,"template":"","meta":[],"product_brand":[],"product_cat":[30,42,43,65,47],"product_tag":[20,45],"class_list":{"0":"post-1525","1":"product","2":"type-product","3":"status-publish","4":"has-post-thumbnail","6":"product_cat-men","7":"product_cat-swimwear","8":"product_cat-t-shirts-women","9":"product_cat-tecnologia","10":"product_cat-women","11":"product_tag-bestseller","12":"product_tag-trend","13":"styler_product_brands-adidas","14":"styler_product_brands-loft","15":"styler_product_brands-nike","16":"nt-post-class","17":"","23":"first","24":"instock","25":"sale","26":"purchasable","27":"product-type-simple"},"_links":{"self":[{"href":"https:\/\/ventasharmony.com\/index.php?rest_route=\/wp\/v2\/product\/1525","targetHints":{"allow":["GET"]}}],"collection":[{"href":"https:\/\/ventasharmony.com\/index.php?rest_route=\/wp\/v2\/product"}],"about":[{"href":"https:\/\/ventasharmony.com\/index.php?rest_route=\/wp\/v2\/types\/product"}],"version-history":[{"count":2,"href":"https:\/\/ventasharmony.com\/index.php?rest_route=\/wp\/v2\/product\/1525\/revisions"}],"predecessor-version":[{"id":6108,"href":"https:\/\/ventasharmony.com\/index.php?rest_route=\/wp\/v2\/product\/1525\/revisions\/6108"}],"wp:featuredmedia":[{"embeddable":true,"href":"https:\/\/ventasharmony.com\/index.php?rest_route=\/wp\/v2\/media\/6107"}],"wp:attachment":[{"href":"https:\/\/ventasharmony.com\/index.php?rest_route=%2Fwp%2Fv2%2Fmedia&parent=1525"}],"wp:term":[{"taxonomy":"product_brand","embeddable":true,"href":"https:\/\/ventasharmony.com\/index.php?rest_route=%2Fwp%2Fv2%2Fproduct_brand&post=1525"},{"taxonomy":"product_cat","embeddable":true,"href":"https:\/\/ventasharmony.com\/index.php?rest_route=%2Fwp%2Fv2%2Fproduct_cat&post=1525"},{"taxonomy":"product_tag","embeddable":true,"href":"https:\/\/ventasharmony.com\/index.php?rest_route=%2Fwp%2Fv2%2Fproduct_tag&post=1525"}],"curies":[{"name":"wp","href":"https:\/\/api.w.org\/{rel}","templated":true}]}}