{"id":728,"date":"2021-10-07T05:44:39","date_gmt":"2021-10-07T05:44:39","guid":{"rendered":"https:\/\/ninetheme.com\/themes\/styler\/fashion\/?post_type=product&#038;p=728"},"modified":"2025-04-25T22:43:18","modified_gmt":"2025-04-26T04:43:18","slug":"black-man-t-shirt","status":"publish","type":"product","link":"https:\/\/ventasharmony.com\/?product=black-man-t-shirt","title":{"rendered":"Cuadros para regalo"},"content":{"rendered":"<h2><strong>Cuadros para Ella o para El<\/strong><\/h2>\n<p><span class=\"OYPEnA font-feature-liga-off font-feature-clig-off font-feature-calt-off text-decoration-none text-strikethrough-none\">Con detalles en madera para toda ocasi\u00f3n, donde recordar\u00e1n mensajes b\u00edblicos, incluyen art\u00edculos que se ven en las fotograf\u00edas.<\/span><\/p>\n<p><span class=\"OYPEnA font-feature-liga-off font-feature-clig-off font-feature-calt-off text-decoration-none text-strikethrough-none\">Regalos perfectos para cada momento, combos de regalo personalizados para toda ocasi\u00f3n: cumplea\u00f1os, aniversarios, d\u00edas festivos o simplemente porque quieres dar un detalle \u00fanico.<\/span><\/p>\n","protected":false},"excerpt":{"rendered":"<h2><strong>Cuadros para Ella o para El<\/strong><\/h2>\n<p><span class=\"OYPEnA font-feature-liga-off font-feature-clig-off font-feature-calt-off text-decoration-none text-strikethrough-none\">Con detalles en madera para toda ocasi\u00f3n, donde recordar\u00e1n mensajes b\u00edblicos, incluyen art\u00edculos que se ven en las fotograf\u00edas.<\/span><\/p>\n<p><span class=\"OYPEnA font-feature-liga-off font-feature-clig-off font-feature-calt-off text-decoration-none text-strikethrough-none\">Regalos perfectos para cada momento, combos de regalo personalizados para toda ocasi\u00f3n: cumplea\u00f1os, aniversarios, d\u00edas festivos o simplemente porque quieres dar un detalle \u00fanico.<\/span><\/p>\n<ul>\n<li><strong><span class=\"OYPEnA font-feature-liga-off font-feature-clig-off font-feature-calt-off text-decoration-none text-strikethrough-none\">Cuadro Mujer Virtuosa &#8211; <\/span><\/strong>Precioso cuadro en madera con el t\u00edtulo Mujer Virtuosa, el cual recordar\u00e1 que no est\u00e1 sola, incluye una pulsera met\u00e1lica y un lindo collar de perlas.<\/li>\n<li><span class=\"OYPEnA font-feature-liga-off font-feature-clig-off font-feature-calt-off text-decoration-none text-strikethrough-none\"><strong>Cuadro S\u00e9 Fuerte y Valiente<\/strong> &#8211; <\/span>Un detalle en madera para personas de fe, donde recordar\u00e1n mensajes b\u00edblicos, incluye una pulsera de cuero con dije met\u00e1lico tem\u00e1tico.<\/li>\n<\/ul>\n<ul>\n<li><span class=\"OYPEnA font-feature-liga-off font-feature-clig-off font-feature-calt-off text-decoration-none text-strikethrough-none\"><strong>Cuadro El Se\u00f1or es mi Pastor<\/strong> &#8211; Precioso cuadro con el Salmo 23, y una preciosa imagen impresa, incluye una pulsera y un collar de fantas\u00eda.<\/span><\/li>\n<li><span class=\"OYPEnA font-feature-liga-off font-feature-clig-off font-feature-calt-off text-decoration-none text-strikethrough-none\"><strong>Cuadro El Se\u00f1or es mi Salvaci\u00f3n<\/strong> &#8211; Precioso cuadro con el Salmo 27:1, y una preciosa imagen impresa, incluye una pulsera y un collar de fantas\u00eda.<\/span><\/li>\n<\/ul>\n<p>&nbsp;<\/p>\n","protected":false},"featured_media":6116,"template":"","meta":[],"product_brand":[],"product_cat":[15,59,19,52,30,39,40,42],"product_tag":[20,45],"class_list":{"0":"post-728","1":"product","2":"type-product","3":"status-publish","4":"has-post-thumbnail","6":"product_cat-uncategorized","7":"product_cat-accesorio","8":"product_cat-t-shirts","9":"product_cat-denim","10":"product_cat-men","11":"product_cat-shorts-skirts","12":"product_cat-sweaters","13":"product_cat-swimwear","14":"product_tag-bestseller","15":"product_tag-trend","16":"styler_product_brands-adidas","17":"styler_product_brands-loft","18":"styler_product_brands-nike","19":"nt-post-class","20":"","26":"first","27":"instock","28":"sale","29":"purchasable","30":"product-type-simple"},"_links":{"self":[{"href":"https:\/\/ventasharmony.com\/index.php?rest_route=\/wp\/v2\/product\/728","targetHints":{"allow":["GET"]}}],"collection":[{"href":"https:\/\/ventasharmony.com\/index.php?rest_route=\/wp\/v2\/product"}],"about":[{"href":"https:\/\/ventasharmony.com\/index.php?rest_route=\/wp\/v2\/types\/product"}],"version-history":[{"count":5,"href":"https:\/\/ventasharmony.com\/index.php?rest_route=\/wp\/v2\/product\/728\/revisions"}],"predecessor-version":[{"id":6128,"href":"https:\/\/ventasharmony.com\/index.php?rest_route=\/wp\/v2\/product\/728\/revisions\/6128"}],"wp:featuredmedia":[{"embeddable":true,"href":"https:\/\/ventasharmony.com\/index.php?rest_route=\/wp\/v2\/media\/6116"}],"wp:attachment":[{"href":"https:\/\/ventasharmony.com\/index.php?rest_route=%2Fwp%2Fv2%2Fmedia&parent=728"}],"wp:term":[{"taxonomy":"product_brand","embeddable":true,"href":"https:\/\/ventasharmony.com\/index.php?rest_route=%2Fwp%2Fv2%2Fproduct_brand&post=728"},{"taxonomy":"product_cat","embeddable":true,"href":"https:\/\/ventasharmony.com\/index.php?rest_route=%2Fwp%2Fv2%2Fproduct_cat&post=728"},{"taxonomy":"product_tag","embeddable":true,"href":"https:\/\/ventasharmony.com\/index.php?rest_route=%2Fwp%2Fv2%2Fproduct_tag&post=728"}],"curies":[{"name":"wp","href":"https:\/\/api.w.org\/{rel}","templated":true}]}}